{"id":834,"date":"2025-01-25T16:33:08","date_gmt":"2025-01-25T15:33:08","guid":{"rendered":"https:\/\/walado-travel.com\/?page_id=834"},"modified":"2025-01-25T16:50:09","modified_gmt":"2025-01-25T15:50:09","slug":"elementor-page-834","status":"publish","type":"page","link":"https:\/\/walado-travel.com\/index.php\/elementor-page-834\/","title":{"rendered":"Elementor Page #834"},"content":{"rendered":"\t\t<div data-elementor-type=\"wp-page\" data-elementor-id=\"834\" class=\"elementor elementor-834\">\n\t\t\t\t<div class=\"elementor-element elementor-element-0677b8f e-flex e-con-boxed e-con e-parent\" data-id=\"0677b8f\" data-element_type=\"container\">\n\t\t\t\t\t<div class=\"e-con-inner\">\n\t\t\t\t<div class=\"elementor-element elementor-element-c78553f elementor-widget elementor-widget-heading\" data-id=\"c78553f\" data-element_type=\"widget\" data-widget_type=\"heading.default\">\n\t\t\t\t<div class=\"elementor-widget-container\">\n\t\t\t\t\t<h4 class=\"elementor-heading-title elementor-size-default\">Les meilleurs Guides tr\u00e8s professionnels<\/h4>\t\t\t\t<\/div>\n\t\t\t\t<\/div>\n\t\t\t\t\t<\/div>\n\t\t\t\t<\/div>\n\t\t<div class=\"elementor-element elementor-element-fa335c9 e-grid e-con-boxed e-con e-parent\" data-id=\"fa335c9\" data-element_type=\"container\">\n\t\t\t\t\t<div class=\"e-con-inner\">\n\t\t\t\t<div class=\"elementor-element elementor-element-31239f9 elementor-widget elementor-widget-image\" data-id=\"31239f9\" data-element_type=\"widget\" data-widget_type=\"image.default\">\n\t\t\t\t<div class=\"elementor-widget-container\">\n\t\t\t\t\t\t\t\t\t\t\t\t\t\t\t<img fetchpriority=\"high\" decoding=\"async\" width=\"1024\" height=\"603\" src=\"https:\/\/walado-travel.com\/wp-content\/uploads\/2025\/01\/moulaye-1024x603.jpg\" class=\"attachment-large size-large wp-image-798\" alt=\"\" srcset=\"https:\/\/walado-travel.com\/wp-content\/uploads\/2025\/01\/moulaye-1024x603.jpg 1024w, https:\/\/walado-travel.com\/wp-content\/uploads\/2025\/01\/moulaye-300x177.jpg 300w, https:\/\/walado-travel.com\/wp-content\/uploads\/2025\/01\/moulaye-768x452.jpg 768w, https:\/\/walado-travel.com\/wp-content\/uploads\/2025\/01\/moulaye.jpg 1499w\" sizes=\"(max-width: 1024px) 100vw, 1024px\" \/>\t\t\t\t\t\t\t\t\t\t\t\t\t\t\t<\/div>\n\t\t\t\t<\/div>\n\t\t\t\t<div class=\"elementor-element elementor-element-b69cfe9 elementor-widget elementor-widget-text-editor\" data-id=\"b69cfe9\" data-element_type=\"widget\" data-widget_type=\"text-editor.default\">\n\t\t\t\t<div class=\"elementor-widget-container\">\n\t\t\t\t\t\t\t\t\t<p><strong><em>Moulaye TRAORE\u00a0 le Pr\u00e9sident de Walado travel<\/em><\/strong><\/p><p><strong><em>Avec plus de 30 ans\u00a0 d&rsquo;exp\u00e9rience dans le m\u00e9tier du tourisme. Il parle 6 langues (fran\u00e7ais, espagnol, anglais, allemands, italiens)<\/em><\/strong><\/p><p><strong><em>internationales en plus de certaines langues locales.<\/em><\/strong><\/p>\t\t\t\t\t\t\t\t<\/div>\n\t\t\t\t<\/div>\n\t\t\t\t\t<\/div>\n\t\t\t\t<\/div>\n\t\t<div class=\"elementor-element elementor-element-e2a8f5c e-grid e-con-boxed e-con e-parent\" data-id=\"e2a8f5c\" data-element_type=\"container\">\n\t\t\t\t\t<div class=\"e-con-inner\">\n\t\t\t\t<div class=\"elementor-element elementor-element-618703e elementor-widget elementor-widget-image\" data-id=\"618703e\" data-element_type=\"widget\" data-widget_type=\"image.default\">\n\t\t\t\t<div class=\"elementor-widget-container\">\n\t\t\t\t\t\t\t\t\t\t\t\t\t\t\t<img decoding=\"async\" width=\"640\" height=\"427\" src=\"https:\/\/walado-travel.com\/wp-content\/uploads\/2025\/01\/Aly.jpg\" class=\"attachment-large size-large wp-image-791\" alt=\"\" srcset=\"https:\/\/walado-travel.com\/wp-content\/uploads\/2025\/01\/Aly.jpg 640w, https:\/\/walado-travel.com\/wp-content\/uploads\/2025\/01\/Aly-300x200.jpg 300w\" sizes=\"(max-width: 640px) 100vw, 640px\" \/>\t\t\t\t\t\t\t\t\t\t\t\t\t\t\t<\/div>\n\t\t\t\t<\/div>\n\t\t\t\t<div class=\"elementor-element elementor-element-447f178 elementor-widget elementor-widget-text-editor\" data-id=\"447f178\" data-element_type=\"widget\" data-widget_type=\"text-editor.default\">\n\t\t\t\t<div class=\"elementor-widget-container\">\n\t\t\t\t\t\t\t\t\t<p><strong><em>Aly Baba TRAORE<\/em><\/strong><\/p><p><strong><em>Avec un master en science des langues principalement anglais. Il est dou\u00e9s de talents inn\u00e9s dont le fort est la communication et sa capacit\u00e9 \u00e0 rendre nos clients \u00e0 se sentir \u00e0 l&rsquo;aise. il est \u00e9galement dot\u00e9s de talents culinaires dont bon nombre de clients recommandent pour leur restauration.<\/em><\/strong><\/p>\t\t\t\t\t\t\t\t<\/div>\n\t\t\t\t<\/div>\n\t\t\t\t<div class=\"elementor-element elementor-element-afeed3c elementor-widget elementor-widget-image\" data-id=\"afeed3c\" data-element_type=\"widget\" data-widget_type=\"image.default\">\n\t\t\t\t<div class=\"elementor-widget-container\">\n\t\t\t\t\t\t\t\t\t\t\t\t\t\t\t<img decoding=\"async\" width=\"720\" height=\"725\" src=\"https:\/\/walado-travel.com\/wp-content\/uploads\/2025\/01\/Hama.jpg\" class=\"attachment-large size-large wp-image-793\" alt=\"\" srcset=\"https:\/\/walado-travel.com\/wp-content\/uploads\/2025\/01\/Hama.jpg 720w, https:\/\/walado-travel.com\/wp-content\/uploads\/2025\/01\/Hama-298x300.jpg 298w, https:\/\/walado-travel.com\/wp-content\/uploads\/2025\/01\/Hama-150x150.jpg 150w\" sizes=\"(max-width: 720px) 100vw, 720px\" \/>\t\t\t\t\t\t\t\t\t\t\t\t\t\t\t<\/div>\n\t\t\t\t<\/div>\n\t\t\t\t<div class=\"elementor-element elementor-element-a226824 elementor-widget elementor-widget-text-editor\" data-id=\"a226824\" data-element_type=\"widget\" data-widget_type=\"text-editor.default\">\n\t\t\t\t<div class=\"elementor-widget-container\">\n\t\t\t\t\t\t\t\t\t<p><strong>Hamadoun Baba TRAORE<\/strong><\/p><p><strong>\u00c9galement d\u00e9tenteur de master en anglais ce jeune guide captive tout\u00a0 avec un humeur accueillant et son fort est aussi la polyvalence.<\/strong><\/p><p><strong>Dou\u00e9 \u00e9galement de talent culinaire il a cartographi\u00e9 les lieux les plus visit\u00e9s et les merveilles de la plan\u00e8te dont r\u00eavent tout le monde.<\/strong><\/p>\t\t\t\t\t\t\t\t<\/div>\n\t\t\t\t<\/div>\n\t\t\t\t\t<\/div>\n\t\t\t\t<\/div>\n\t\t\t\t<\/div>\n\t\t","protected":false},"excerpt":{"rendered":"<p>Les meilleurs Guides tr\u00e8s professionnels Moulaye TRAORE\u00a0 le Pr\u00e9sident de Walado travel Avec plus de 30 ans\u00a0 d&rsquo;exp\u00e9rience dans le m\u00e9tier du tourisme. Il parle 6 langues (fran\u00e7ais, espagnol, anglais, allemands, italiens) internationales en plus de certaines langues locales. Aly Baba TRAORE Avec un master en science des langues principalement anglais. Il est dou\u00e9s de [&hellip;]<\/p>\n","protected":false},"author":2,"featured_media":0,"parent":0,"menu_order":0,"comment_status":"closed","ping_status":"closed","template":"","meta":{"site-sidebar-layout":"no-sidebar","site-content-layout":"","ast-site-content-layout":"full-width-container","site-content-style":"default","site-sidebar-style":"default","ast-global-header-display":"","ast-banner-title-visibility":"","ast-main-header-display":"","ast-hfb-above-header-display":"","ast-hfb-below-header-display":"","ast-hfb-mobile-header-display":"","site-post-title":"disabled","ast-breadcrumbs-content":"","ast-featured-img":"disabled","footer-sml-layout":"","theme-transparent-header-meta":"","adv-header-id-meta":"","stick-header-meta":"","header-above-stick-meta":"","header-main-stick-meta":"","header-below-stick-meta":"","astra-migrate-meta-layouts":"default","ast-page-background-enabled":"default","ast-page-background-meta":{"desktop":{"background-color":"var(--ast-global-color-4)","background-image":"","background-repeat":"repeat","background-position":"center center","background-size":"auto","background-attachment":"scroll","background-type":"","background-media":"","overlay-type":"","overlay-color":"","overlay-opacity":"","overlay-gradient":""},"tablet":{"background-color":"","background-image":"","background-repeat":"repeat","background-position":"center center","background-size":"auto","background-attachment":"scroll","background-type":"","background-media":"","overlay-type":"","overlay-color":"","overlay-opacity":"","overlay-gradient":""},"mobile":{"background-color":"","background-image":"","background-repeat":"repeat","background-position":"center center","background-size":"auto","background-attachment":"scroll","background-type":"","background-media":"","overlay-type":"","overlay-color":"","overlay-opacity":"","overlay-gradient":""}},"ast-content-background-meta":{"desktop":{"background-color":"var(--ast-global-color-5)","background-image":"","background-repeat":"repeat","background-position":"center center","background-size":"auto","background-attachment":"scroll","background-type":"","background-media":"","overlay-type":"","overlay-color":"","overlay-opacity":"","overlay-gradient":""},"tablet":{"background-color":"var(--ast-global-color-5)","background-image":"","background-repeat":"repeat","background-position":"center center","background-size":"auto","background-attachment":"scroll","background-type":"","background-media":"","overlay-type":"","overlay-color":"","overlay-opacity":"","overlay-gradient":""},"mobile":{"background-color":"var(--ast-global-color-5)","background-image":"","background-repeat":"repeat","background-position":"center center","background-size":"auto","background-attachment":"scroll","background-type":"","background-media":"","overlay-type":"","overlay-color":"","overlay-opacity":"","overlay-gradient":""}},"footnotes":""},"class_list":["post-834","page","type-page","status-publish","hentry"],"aioseo_notices":[],"_links":{"self":[{"href":"https:\/\/walado-travel.com\/index.php\/wp-json\/wp\/v2\/pages\/834","targetHints":{"allow":["GET"]}}],"collection":[{"href":"https:\/\/walado-travel.com\/index.php\/wp-json\/wp\/v2\/pages"}],"about":[{"href":"https:\/\/walado-travel.com\/index.php\/wp-json\/wp\/v2\/types\/page"}],"author":[{"embeddable":true,"href":"https:\/\/walado-travel.com\/index.php\/wp-json\/wp\/v2\/users\/2"}],"replies":[{"embeddable":true,"href":"https:\/\/walado-travel.com\/index.php\/wp-json\/wp\/v2\/comments?post=834"}],"version-history":[{"count":4,"href":"https:\/\/walado-travel.com\/index.php\/wp-json\/wp\/v2\/pages\/834\/revisions"}],"predecessor-version":[{"id":838,"href":"https:\/\/walado-travel.com\/index.php\/wp-json\/wp\/v2\/pages\/834\/revisions\/838"}],"wp:attachment":[{"href":"https:\/\/walado-travel.com\/index.php\/wp-json\/wp\/v2\/media?parent=834"}],"curies":[{"name":"wp","href":"https:\/\/api.w.org\/{rel}","templated":true}]}}